{"id":12908,"date":"2017-11-08T03:11:20","date_gmt":"2017-11-08T03:11:20","guid":{"rendered":"https:\/\/www.broadband4europe.com\/?page_id=12908"},"modified":"2023-10-06T05:45:36","modified_gmt":"2023-10-06T05:45:36","slug":"om-oss","status":"publish","type":"page","link":"https:\/\/www.broadband4europe.com\/sv\/om-oss\/","title":{"rendered":"Om oss"},"content":{"rendered":"<p>V\u00e5rt uppdrag p\u00e5 Broadband 4 Europe \u00e4r att hj\u00e4lpa dig att hitta r\u00e4tt bredbandsavtal f\u00f6r din familj, oavsett om du bor i Tyskland, Frankrike, Italien eller n\u00e5got annat europeiskt land.<\/p>\n<p>Vi skriver guider om de b\u00e4sta bredbandsavtalen p\u00e5 marknaden och hj\u00e4lper dig att f\u00f6rst\u00e5 skillnaderna mellan varje leverant\u00f6r och deras paket.<\/p>\n<p>Vi skriver ocks\u00e5 guider som f\u00f6rklarar olika bredbandsbegrepp p\u00e5 ett l\u00e4ttf\u00f6rst\u00e5eligt s\u00e4tt, s\u00e5 att du kan l\u00e4ra dig mer om hur bredband fungerar och g\u00f6ra det l\u00e4ttare f\u00f6r dig att hitta r\u00e4tt bredbandsplan f\u00f6r din familj.<\/p>\n<h2>V\u00e5rt team<\/h2>\n<p>Broadband 4 Europe drivs av ett litet team p\u00e5 tv\u00e5 personer fr\u00e5n Tyskland. Vi har v\u00e4nner i grannl\u00e4nderna som vi f\u00f6rlitar oss p\u00e5 f\u00f6r v\u00e5ra guider om bredband i andra l\u00e4nder.<\/p>\n<h3><strong>Roger Schmitt<\/strong><\/h3>\n<p><img fetchpriority=\"high\" decoding=\"async\" class=\"alignnone size-full wp-image-8429\" src=\"https:\/\/www.broadband4europe.com\/wp-content\/uploads\/roger-schmitt-headshot-min.png\" alt=\"Roger Schmitt headshot.\" width=\"325\" height=\"325\" srcset=\"https:\/\/www.broadband4europe.com\/wp-content\/uploads\/roger-schmitt-headshot-min.png 325w, https:\/\/www.broadband4europe.com\/wp-content\/uploads\/roger-schmitt-headshot-min-300x300.png 300w, https:\/\/www.broadband4europe.com\/wp-content\/uploads\/roger-schmitt-headshot-min-150x150.png 150w, https:\/\/www.broadband4europe.com\/wp-content\/uploads\/roger-schmitt-headshot-min-20x20.png 20w, https:\/\/www.broadband4europe.com\/wp-content\/uploads\/roger-schmitt-headshot-min-40x40.png 40w, https:\/\/www.broadband4europe.com\/wp-content\/uploads\/roger-schmitt-headshot-min-60x60.png 60w, https:\/\/www.broadband4europe.com\/wp-content\/uploads\/roger-schmitt-headshot-min-50x50.png 50w\" sizes=\"(max-width: 325px) 100vw, 325px\" \/><\/p>\n<p>Tag! Jag heter Roger och \u00e4r medgrundare av Broadband 4 Europe.<\/p>\n<p>Jag v\u00e4xte upp i Schweiz men bor numera i Tyskland och bodde \u00e4ven i Sydtyrolen ett tag tidigare.<\/p>\n<p>Jag har en bakgrund inom IT och har utf\u00f6rt omfattande forskning om bredbandsmarknaderna i de flesta st\u00f6rre europeiska l\u00e4nder. Att l\u00e4ra mig om marknaderna f\u00f6r fast bredband \u00e4r min n\u00f6rdiga hobby, men jag \u00e4r ocks\u00e5 entusiastisk \u00f6ver de m\u00f6jligheter som 5G (och s\u00e5 sm\u00e5ningom 6G) bredband kommer att ge oss i framtiden.<\/p>\n<p>N\u00e4r jag inte forskar om bredbandsf\u00f6retag och deras n\u00e4t hittar du mig n\u00e4r jag spelar volleyboll eller spelar piano.<\/p>\n<h3><strong>Florian Becker<\/strong><\/h3>\n<p><img decoding=\"async\" class=\"alignnone size-full wp-image-8428\" src=\"https:\/\/www.broadband4europe.com\/wp-content\/uploads\/florian-becker-headshot-min.png\" alt=\"Florian Becker headshot.\" width=\"325\" height=\"325\" srcset=\"https:\/\/www.broadband4europe.com\/wp-content\/uploads\/florian-becker-headshot-min.png 325w, https:\/\/www.broadband4europe.com\/wp-content\/uploads\/florian-becker-headshot-min-300x300.png 300w, https:\/\/www.broadband4europe.com\/wp-content\/uploads\/florian-becker-headshot-min-150x150.png 150w, https:\/\/www.broadband4europe.com\/wp-content\/uploads\/florian-becker-headshot-min-20x20.png 20w, https:\/\/www.broadband4europe.com\/wp-content\/uploads\/florian-becker-headshot-min-40x40.png 40w, https:\/\/www.broadband4europe.com\/wp-content\/uploads\/florian-becker-headshot-min-60x60.png 60w, https:\/\/www.broadband4europe.com\/wp-content\/uploads\/florian-becker-headshot-min-50x50.png 50w\" sizes=\"(max-width: 325px) 100vw, 325px\" \/><\/p>\n<p>Hej, jag heter Florian och kommer ursprungligen fr\u00e5n Tyskland, men nu reser jag runt i v\u00e4rlden som digital nomad och befinner mig f\u00f6r n\u00e4rvarande i Kroatien.<\/p>\n<p>Jag \u00e4r lite mindre kunnig om bredbandsmarknader j\u00e4mf\u00f6rt med Roger, men jag har viss f\u00f6rstahandserfarenhet av bredbandsleverant\u00f6rer och deras n\u00e4tverk i vissa l\u00e4nder, s\u00e4rskilt Kroatien, Spanien och Portugal.<\/p>\n<p>N\u00e4r du bl\u00e4ddrar p\u00e5 webbplatsen ser du att jag har skrivit n\u00e5gra artiklar om bredbandsnyheter ocks\u00e5, medan Roger skriver majoriteten av v\u00e5ra k\u00f6pguider.<\/p>\n<p>Jag \u00e4r ocks\u00e5 webbutvecklare till yrket &#8211; jag ansvarar f\u00f6r underh\u00e5llet av v\u00e5r webbplats. L\u00e5t mig veta via v\u00e5rt <a href=\"https:\/\/broadband4europe.com\/contact-us\/\" target=\"_blank\" rel=\"noopener\">kontaktformul\u00e4r<\/a> om du uppt\u00e4cker en bugg som beh\u00f6ver mosas!<\/p>\n","protected":false},"excerpt":{"rendered":"<p>V\u00e5rt uppdrag p\u00e5 Broadband 4 Europe \u00e4r att hj\u00e4lpa dig att hitta r\u00e4tt bredbandsavtal f\u00f6r din familj, oavsett om du bor i Tyskland, Frankrike, Italien eller n\u00e5got annat europeiskt land. Vi skriver guider om de b\u00e4sta bredbandsavtalen p\u00e5 marknaden och hj\u00e4lper dig att f\u00f6rst\u00e5 skillnaderna mellan varje leverant\u00f6r och deras paket. Vi skriver ocks\u00e5 guider &#8230; <a title=\"Om oss\" class=\"read-more\" href=\"https:\/\/www.broadband4europe.com\/sv\/om-oss\/\" aria-label=\"Mer p\u00e5 Om oss\">Read more<\/a><\/p>\n","protected":false},"author":5,"featured_media":0,"parent":0,"menu_order":0,"comment_status":"closed","ping_status":"closed","template":"","meta":{"footnotes":""},"class_list":["post-12908","page","type-page","status-publish"],"_links":{"self":[{"href":"https:\/\/www.broadband4europe.com\/sv\/wp-json\/wp\/v2\/pages\/12908","targetHints":{"allow":["GET"]}}],"collection":[{"href":"https:\/\/www.broadband4europe.com\/sv\/wp-json\/wp\/v2\/pages"}],"about":[{"href":"https:\/\/www.broadband4europe.com\/sv\/wp-json\/wp\/v2\/types\/page"}],"author":[{"embeddable":true,"href":"https:\/\/www.broadband4europe.com\/sv\/wp-json\/wp\/v2\/users\/5"}],"replies":[{"embeddable":true,"href":"https:\/\/www.broadband4europe.com\/sv\/wp-json\/wp\/v2\/comments?post=12908"}],"version-history":[{"count":3,"href":"https:\/\/www.broadband4europe.com\/sv\/wp-json\/wp\/v2\/pages\/12908\/revisions"}],"predecessor-version":[{"id":15582,"href":"https:\/\/www.broadband4europe.com\/sv\/wp-json\/wp\/v2\/pages\/12908\/revisions\/15582"}],"wp:attachment":[{"href":"https:\/\/www.broadband4europe.com\/sv\/wp-json\/wp\/v2\/media?parent=12908"}],"curies":[{"name":"wp","href":"https:\/\/api.w.org\/{rel}","templated":true}]}}