{"id":12578,"date":"2017-11-08T03:11:20","date_gmt":"2017-11-08T03:11:20","guid":{"rendered":"https:\/\/www.broadband4europe.com\/?page_id=12578"},"modified":"2023-04-02T21:31:25","modified_gmt":"2023-04-02T21:31:25","slug":"a-propos-de-nous","status":"publish","type":"page","link":"https:\/\/www.broadband4europe.com\/fr\/a-propos-de-nous\/","title":{"rendered":"\u00c0 propos de nous"},"content":{"rendered":"<p>Chez Broadband 4 Europe, notre mission est de vous aider \u00e0 trouver la meilleure offre haut d\u00e9bit pour votre famille, que vous r\u00e9sidiez en Allemagne, en France, en Italie ou dans tout autre pays europ\u00e9en.<\/p>\n<p>Nous \u00e9laborons des guides qui comparent les meilleures offres haut d\u00e9bit du march\u00e9, en vous aidant \u00e0 comprendre les diff\u00e9rences entre chaque fournisseur et leurs forfaits.<\/p>\n<p>Nous r\u00e9digeons \u00e9galement des guides expliquant de mani\u00e8re simple les diff\u00e9rents concepts du haut d\u00e9bit, afin que vous puissiez en apprendre davantage sur son fonctionnement et ainsi trouver plus facilement le plan haut d\u00e9bit id\u00e9al pour votre famille.<\/p>\n<h2>Notre \u00e9quipe<\/h2>\n<p>Chez Broadband 4 Europe, nous sommes une petite \u00e9quipe de deux personnes bas\u00e9es en Allemagne. Nous collaborons avec des amis dans les pays voisins pour \u00e9laborer nos guides sur les offres haut d\u00e9bit disponibles dans d&rsquo;autres nations.<\/p>\n<h3><strong>Roger Schmitt<\/strong><\/h3>\n<p><img fetchpriority=\"high\" decoding=\"async\" class=\"alignnone size-full wp-image-8429\" src=\"https:\/\/www.broadband4europe.com\/wp-content\/uploads\/roger-schmitt-headshot-min.png\" alt=\"Roger Schmitt headshot.\" width=\"325\" height=\"325\" srcset=\"https:\/\/www.broadband4europe.com\/wp-content\/uploads\/roger-schmitt-headshot-min.png 325w, https:\/\/www.broadband4europe.com\/wp-content\/uploads\/roger-schmitt-headshot-min-300x300.png 300w, https:\/\/www.broadband4europe.com\/wp-content\/uploads\/roger-schmitt-headshot-min-150x150.png 150w, https:\/\/www.broadband4europe.com\/wp-content\/uploads\/roger-schmitt-headshot-min-20x20.png 20w, https:\/\/www.broadband4europe.com\/wp-content\/uploads\/roger-schmitt-headshot-min-40x40.png 40w, https:\/\/www.broadband4europe.com\/wp-content\/uploads\/roger-schmitt-headshot-min-60x60.png 60w, https:\/\/www.broadband4europe.com\/wp-content\/uploads\/roger-schmitt-headshot-min-50x50.png 50w\" sizes=\"(max-width: 325px) 100vw, 325px\" \/><\/p>\n<p>Bonjour ! Je m&rsquo;appelle Roger et je suis le cofondateur de Broadband 4 Europe.<\/p>\n<p>J&rsquo;ai grandi en Suisse, mais j&rsquo;habite actuellement en Allemagne. J&rsquo;ai \u00e9galement v\u00e9cu dans le sud du Tyrol pendant un certain temps.<\/p>\n<p>J&rsquo;ai suivi une formation en informatique et j&rsquo;ai effectu\u00e9 des recherches approfondies sur les march\u00e9s du haut d\u00e9bit dans la plupart des grands pays europ\u00e9ens. \u00c9tudier les march\u00e9s du haut d\u00e9bit fixe est mon \u00ab hobby d&rsquo;intello \u00bb.\u00a0 \u00c0 c\u00f4t\u00e9 de \u00e7a, je suis \u00e9galement tr\u00e8s curieux des opportunit\u00e9s que le haut d\u00e9bit 5G (et \u00e9ventuellement 6G) nous r\u00e9servent pour l&rsquo;avenir.<\/p>\n<p>Lorsque je ne suis pas en train de faire des recherches sur les entreprises de haut d\u00e9bit et leurs r\u00e9seaux, je joue au volley-ball ou au piano.<\/p>\n<h3><strong>Florian Becker<\/strong><\/h3>\n<p><img decoding=\"async\" class=\"alignnone size-full wp-image-8428\" src=\"https:\/\/www.broadband4europe.com\/wp-content\/uploads\/florian-becker-headshot-min.png\" alt=\"Florian Becker headshot.\" width=\"325\" height=\"325\" srcset=\"https:\/\/www.broadband4europe.com\/wp-content\/uploads\/florian-becker-headshot-min.png 325w, https:\/\/www.broadband4europe.com\/wp-content\/uploads\/florian-becker-headshot-min-300x300.png 300w, https:\/\/www.broadband4europe.com\/wp-content\/uploads\/florian-becker-headshot-min-150x150.png 150w, https:\/\/www.broadband4europe.com\/wp-content\/uploads\/florian-becker-headshot-min-20x20.png 20w, https:\/\/www.broadband4europe.com\/wp-content\/uploads\/florian-becker-headshot-min-40x40.png 40w, https:\/\/www.broadband4europe.com\/wp-content\/uploads\/florian-becker-headshot-min-60x60.png 60w, https:\/\/www.broadband4europe.com\/wp-content\/uploads\/florian-becker-headshot-min-50x50.png 50w\" sizes=\"(max-width: 325px) 100vw, 325px\" \/><\/p>\n<p>Bonjour, je m&rsquo;appelle Florian et je suis originaire d&rsquo;Allemagne. Je voyage \u00e0 travers le monde en tant que nomade num\u00e9rique. En ce moment, je suis en Croatie !<\/p>\n<p>Bien que je connaisse un peu moins bien les march\u00e9s du haut d\u00e9bit que Roger,\u00a0j\u2019ai une exp\u00e9rience directe des fournisseurs de haut d\u00e9bit et de leurs r\u00e9seaux dans certains pays, en particulier la Croatie, l\u2019Espagne et le Portugal.<\/p>\n<p>En parcourant notre site web, vous pourrez constater que je m&rsquo;occupe principalement des actualit\u00e9s du haut d\u00e9bit, tandis que Roger r\u00e9dige la plupart de nos guides d&rsquo;achat.<\/p>\n<p>Je suis \u00e9galement d\u00e9veloppeur web de m\u00e9tier &#8211; je suis responsable de la maintenance de notre site web. Faites-moi savoir par le biais de notre <a href=\"https:\/\/www.broadband4europe.com\/fr\/nous-contacter\/\" target=\"_blank\" rel=\"noopener\">formulaire de contact<\/a> si vous rep\u00e9rez un bug qui a besoin d&rsquo;\u00eatre corrig\u00e9 !<\/p>\n","protected":false},"excerpt":{"rendered":"<p>Chez Broadband 4 Europe, notre mission est de vous aider \u00e0 trouver la meilleure offre haut d\u00e9bit pour votre famille, que vous r\u00e9sidiez en Allemagne, en France, en Italie ou dans tout autre pays europ\u00e9en. Nous \u00e9laborons des guides qui comparent les meilleures offres haut d\u00e9bit du march\u00e9, en vous aidant \u00e0 comprendre les diff\u00e9rences &#8230; <a title=\"\u00c0 propos de nous\" class=\"read-more\" href=\"https:\/\/www.broadband4europe.com\/fr\/a-propos-de-nous\/\" aria-label=\"Plus sur \u00c0 propos de nous\">Read more<\/a><\/p>\n","protected":false},"author":6,"featured_media":0,"parent":0,"menu_order":0,"comment_status":"closed","ping_status":"closed","template":"","meta":{"footnotes":""},"class_list":["post-12578","page","type-page","status-publish"],"_links":{"self":[{"href":"https:\/\/www.broadband4europe.com\/fr\/wp-json\/wp\/v2\/pages\/12578","targetHints":{"allow":["GET"]}}],"collection":[{"href":"https:\/\/www.broadband4europe.com\/fr\/wp-json\/wp\/v2\/pages"}],"about":[{"href":"https:\/\/www.broadband4europe.com\/fr\/wp-json\/wp\/v2\/types\/page"}],"author":[{"embeddable":true,"href":"https:\/\/www.broadband4europe.com\/fr\/wp-json\/wp\/v2\/users\/6"}],"replies":[{"embeddable":true,"href":"https:\/\/www.broadband4europe.com\/fr\/wp-json\/wp\/v2\/comments?post=12578"}],"version-history":[{"count":9,"href":"https:\/\/www.broadband4europe.com\/fr\/wp-json\/wp\/v2\/pages\/12578\/revisions"}],"predecessor-version":[{"id":12723,"href":"https:\/\/www.broadband4europe.com\/fr\/wp-json\/wp\/v2\/pages\/12578\/revisions\/12723"}],"wp:attachment":[{"href":"https:\/\/www.broadband4europe.com\/fr\/wp-json\/wp\/v2\/media?parent=12578"}],"curies":[{"name":"wp","href":"https:\/\/api.w.org\/{rel}","templated":true}]}}