{"id":13210,"date":"2017-11-10T06:47:24","date_gmt":"2017-11-10T06:47:24","guid":{"rendered":"https:\/\/www.broadband4europe.com\/?page_id=13210"},"modified":"2023-04-24T13:36:53","modified_gmt":"2023-04-24T13:36:53","slug":"ota-yhteytta","status":"publish","type":"page","link":"https:\/\/www.broadband4europe.com\/fi\/ota-yhteytta\/","title":{"rendered":"Ota yhteytt\u00e4"},"content":{"rendered":"<p>Onko sinulla kysytt\u00e4v\u00e4\u00e4 uuden laajakaistapaketin valinnasta? L\u00e4het\u00e4 meille viesti alla olevalla lomakkeella, niin vastaamme sinulle mahdollisimman pian.<\/p>\n<div class=\"wpforms-container wpforms-container-full\" id=\"wpforms-123\"><form id=\"wpforms-form-123\" class=\"wpforms-validate wpforms-form\" data-formid=\"123\" method=\"post\" enctype=\"multipart\/form-data\" action=\"\/fi\/wp-json\/wp\/v2\/pages\/13210\" data-token=\"cf2b3219f155ffb07379032a15b39814\" data-token-time=\"1775467253\"><noscript class=\"wpforms-error-noscript\">Please enable JavaScript in your browser to complete this form.<\/noscript><div class=\"wpforms-field-container\"><div id=\"wpforms-123-field_0-container\" class=\"wpforms-field wpforms-field-name\" data-field-id=\"0\"><label class=\"wpforms-field-label\">Nimi <span class=\"wpforms-required-label\">*<\/span><\/label><div class=\"wpforms-field-row wpforms-field-medium\"><div class=\"wpforms-field-row-block wpforms-first wpforms-one-half\"><input type=\"text\" id=\"wpforms-123-field_0\" class=\"wpforms-field-name-first wpforms-field-required\" name=\"wpforms[fields][0][first]\" required><label for=\"wpforms-123-field_0\" class=\"wpforms-field-sublabel after\">First<\/label><\/div><div class=\"wpforms-field-row-block wpforms-one-half\"><input type=\"text\" id=\"wpforms-123-field_0-last\" class=\"wpforms-field-name-last wpforms-field-required\" name=\"wpforms[fields][0][last]\" required><label for=\"wpforms-123-field_0-last\" class=\"wpforms-field-sublabel after\">Last<\/label><\/div><\/div><\/div><div id=\"wpforms-123-field_1-container\" class=\"wpforms-field wpforms-field-email\" data-field-id=\"1\"><label class=\"wpforms-field-label\" for=\"wpforms-123-field_1\">S\u00e4hk\u00f6postiosoite <span class=\"wpforms-required-label\">*<\/span><\/label><input type=\"email\" id=\"wpforms-123-field_1\" class=\"wpforms-field-medium wpforms-field-required\" name=\"wpforms[fields][1]\" spellcheck=\"false\" required><\/div><div id=\"wpforms-123-field_2-container\" class=\"wpforms-field wpforms-field-textarea\" data-field-id=\"2\"><label class=\"wpforms-field-label\" for=\"wpforms-123-field_2\">Kysely tai viesti <span class=\"wpforms-required-label\">*<\/span><\/label><textarea id=\"wpforms-123-field_2\" class=\"wpforms-field-medium wpforms-field-required\" name=\"wpforms[fields][2]\" placeholder=\"Kirjoita kysymyksesi t\u00e4h\u00e4n.\" required><\/textarea><\/div><\/div><!-- .wpforms-field-container --><div class=\"wpforms-field wpforms-field-hp\"><label for=\"wpforms-123-field-hp\" class=\"wpforms-field-label\">Website<\/label><input type=\"text\" name=\"wpforms[hp]\" id=\"wpforms-123-field-hp\" class=\"wpforms-field-medium\"><\/div><div class=\"wpforms-recaptcha-container wpforms-is-recaptcha wpforms-is-recaptcha-type-v3\" ><input type=\"hidden\" name=\"wpforms[recaptcha]\" value=\"\"><\/div><div class=\"wpforms-submit-container\" ><input type=\"hidden\" name=\"wpforms[id]\" value=\"123\"><input type=\"hidden\" name=\"page_title\" value=\"\"><input type=\"hidden\" name=\"page_url\" value=\"https:\/\/www.broadband4europe.com\/fi\/wp-json\/wp\/v2\/pages\/13210\"><input type=\"hidden\" name=\"url_referer\" value=\"\"><button type=\"submit\" name=\"wpforms[submit]\" id=\"wpforms-submit-123\" class=\"wpforms-submit\" data-alt-text=\"L\u00e4hetet\u00e4\u00e4n...\" data-submit-text=\"L\u00e4het\u00e4\" aria-live=\"assertive\" value=\"wpforms-submit\">L\u00e4het\u00e4<\/button><\/div><\/form><\/div>  <!-- .wpforms-container -->\n<p>L\u00e4hett\u00e4m\u00e4ll\u00e4 kyselyn hyv\u00e4ksyt <a href=\"\/fi\/tietosuojakaytanto\/\" target=\"_blank\" rel=\"noopener\">tietosuojak\u00e4yt\u00e4nt\u00f6mme<\/a> mukaiset ehdot.<\/p>\n","protected":false},"excerpt":{"rendered":"<p>Onko sinulla kysytt\u00e4v\u00e4\u00e4 uuden laajakaistapaketin valinnasta? L\u00e4het\u00e4 meille viesti alla olevalla lomakkeella, niin vastaamme sinulle mahdollisimman pian. L\u00e4hett\u00e4m\u00e4ll\u00e4 kyselyn hyv\u00e4ksyt tietosuojak\u00e4yt\u00e4nt\u00f6mme mukaiset ehdot.<\/p>\n","protected":false},"author":5,"featured_media":0,"parent":0,"menu_order":0,"comment_status":"closed","ping_status":"closed","template":"","meta":{"footnotes":""},"class_list":["post-13210","page","type-page","status-publish"],"_links":{"self":[{"href":"https:\/\/www.broadband4europe.com\/fi\/wp-json\/wp\/v2\/pages\/13210","targetHints":{"allow":["GET"]}}],"collection":[{"href":"https:\/\/www.broadband4europe.com\/fi\/wp-json\/wp\/v2\/pages"}],"about":[{"href":"https:\/\/www.broadband4europe.com\/fi\/wp-json\/wp\/v2\/types\/page"}],"author":[{"embeddable":true,"href":"https:\/\/www.broadband4europe.com\/fi\/wp-json\/wp\/v2\/users\/5"}],"replies":[{"embeddable":true,"href":"https:\/\/www.broadband4europe.com\/fi\/wp-json\/wp\/v2\/comments?post=13210"}],"version-history":[{"count":4,"href":"https:\/\/www.broadband4europe.com\/fi\/wp-json\/wp\/v2\/pages\/13210\/revisions"}],"predecessor-version":[{"id":13214,"href":"https:\/\/www.broadband4europe.com\/fi\/wp-json\/wp\/v2\/pages\/13210\/revisions\/13214"}],"wp:attachment":[{"href":"https:\/\/www.broadband4europe.com\/fi\/wp-json\/wp\/v2\/media?parent=13210"}],"curies":[{"name":"wp","href":"https:\/\/api.w.org\/{rel}","templated":true}]}}