{"id":13206,"date":"2017-11-08T03:11:20","date_gmt":"2017-11-08T03:11:20","guid":{"rendered":"https:\/\/www.broadband4europe.com\/?page_id=13206"},"modified":"2023-04-26T08:15:00","modified_gmt":"2023-04-26T08:15:00","slug":"tietoa-meista","status":"publish","type":"page","link":"https:\/\/www.broadband4europe.com\/fi\/tietoa-meista\/","title":{"rendered":"Tietoa meist\u00e4"},"content":{"rendered":"<p>Broadband 4 Europen teht\u00e4v\u00e4n\u00e4 on auttaa sinua l\u00f6yt\u00e4m\u00e4\u00e4n perheellesi sopiva laajakaistasopimus, asuitpa sitten Saksassa, Ranskassa, Italiassa tai miss\u00e4 tahansa muussa Euroopan maassa.<\/p>\n<p>Kirjoitamme oppaita markkinoiden parhaista laajakaistatarjouksista ja autamme sinua ymm\u00e4rt\u00e4m\u00e4\u00e4n kunkin palveluntarjoajan ja niiden pakettien v\u00e4liset erot.<\/p>\n<p>Kirjoitamme my\u00f6s oppaita, joissa selit\u00e4mme erilaisia laajakaistak\u00e4sitteit\u00e4 helposti ymm\u00e4rrett\u00e4v\u00e4ll\u00e4 tavalla, jotta voit oppia lis\u00e4\u00e4 laajakaistan toiminnasta ja jotta sinun on helpompi l\u00f6yt\u00e4\u00e4 perheellesi sopiva laajakaistapaketti.<\/p>\n<h2>Tiimimme<\/h2>\n<p>Broadband 4 Europea py\u00f6ritt\u00e4\u00e4 pieni kahden hengen tiimi Saksasta. Meill\u00e4 on yst\u00e4vi\u00e4 kaikkialla naapurimaissa, joihin tukeudumme muiden maiden laajakaistoja koskevissa oppaissa.<\/p>\n<h3><strong>Roger Schmitt<\/strong><\/h3>\n<p><img fetchpriority=\"high\" decoding=\"async\" class=\"alignnone size-full wp-image-8429\" src=\"https:\/\/www.broadband4europe.com\/wp-content\/uploads\/roger-schmitt-headshot-min.png\" alt=\"Roger Schmitt headshot.\" width=\"325\" height=\"325\" srcset=\"https:\/\/www.broadband4europe.com\/wp-content\/uploads\/roger-schmitt-headshot-min.png 325w, https:\/\/www.broadband4europe.com\/wp-content\/uploads\/roger-schmitt-headshot-min-300x300.png 300w, https:\/\/www.broadband4europe.com\/wp-content\/uploads\/roger-schmitt-headshot-min-150x150.png 150w, https:\/\/www.broadband4europe.com\/wp-content\/uploads\/roger-schmitt-headshot-min-20x20.png 20w, https:\/\/www.broadband4europe.com\/wp-content\/uploads\/roger-schmitt-headshot-min-40x40.png 40w, https:\/\/www.broadband4europe.com\/wp-content\/uploads\/roger-schmitt-headshot-min-60x60.png 60w, https:\/\/www.broadband4europe.com\/wp-content\/uploads\/roger-schmitt-headshot-min-50x50.png 50w\" sizes=\"(max-width: 325px) 100vw, 325px\" \/><\/p>\n<p>Tag! Olen Roger, Broadband 4 Europen toinen perustaja.<\/p>\n<p>Vartuin Sveitsiss\u00e4, mutta asun nyky\u00e4\u00e4n Saksassa, ja aikaisemmin olen asunut my\u00f6s Etel\u00e4-Tirolissa jonkin aikaa.<\/p>\n<p>Olen koulutukseltani tietotekniikan ammattilainen ja olen tutkinut laajasti useimpien Euroopan maiden laajakaistamarkkinoita. Kiinte\u00e4n verkon laajakaistamarkkinoiden tutkiminen on n\u00f6rttiharrastukseni, mutta olen my\u00f6s innostunut niist\u00e4 mahdollisuuksista, joita 5G- (ja lopulta 6G-) laajakaista tarjoaa meille tulevaisuudessa.<\/p>\n<p>Kun en tutki laajakaistayhti\u00f6it\u00e4 ja niiden verkkoja, pelaan lentopalloa tai soitan pianoa.<\/p>\n<h3><strong>Florian Becker<\/strong><\/h3>\n<p><img decoding=\"async\" class=\"alignnone size-full wp-image-8428\" src=\"https:\/\/www.broadband4europe.com\/wp-content\/uploads\/florian-becker-headshot-min.png\" alt=\"Florian Becker headshot.\" width=\"325\" height=\"325\" srcset=\"https:\/\/www.broadband4europe.com\/wp-content\/uploads\/florian-becker-headshot-min.png 325w, https:\/\/www.broadband4europe.com\/wp-content\/uploads\/florian-becker-headshot-min-300x300.png 300w, https:\/\/www.broadband4europe.com\/wp-content\/uploads\/florian-becker-headshot-min-150x150.png 150w, https:\/\/www.broadband4europe.com\/wp-content\/uploads\/florian-becker-headshot-min-20x20.png 20w, https:\/\/www.broadband4europe.com\/wp-content\/uploads\/florian-becker-headshot-min-40x40.png 40w, https:\/\/www.broadband4europe.com\/wp-content\/uploads\/florian-becker-headshot-min-60x60.png 60w, https:\/\/www.broadband4europe.com\/wp-content\/uploads\/florian-becker-headshot-min-50x50.png 50w\" sizes=\"(max-width: 325px) 100vw, 325px\" \/><\/p>\n<p>Hei, nimeni on Florian, ja olen alun perin Saksasta, mutta nyt matkustan ymp\u00e4ri maailmaa digitaalisena nomadina, ja t\u00e4ll\u00e4 hetkell\u00e4 olen Kroatiassa.<\/p>\n<p>Olen hieman v\u00e4hemm\u00e4n perill\u00e4 laajakaistamarkkinoista kuin Roger, mutta minulla on omakohtaista kokemusta laajakaistapalvelujen tarjoajista ja niiden verkoista tietyiss\u00e4 maissa, erityisesti Kroatiassa, Espanjassa ja Portugalissa.<\/p>\n<p>Verkkosivustoa selatessasi huomaat, ett\u00e4 olen kirjoittanut my\u00f6s muutaman artikkelin laajakaistauutisista, kun taas Roger kirjoittaa suurimman osan ostajan oppaista.<\/p>\n<p>Olen my\u00f6s ammatiltani web-kehitt\u00e4j\u00e4 &#8211; vastaan verkkosivustomme yll\u00e4pidosta. Ilmoita minulle <a href=\"\/fi\/ota-yhteytta\/\" target=\"_blank\" rel=\"noopener\">yhteydenottolomakkeella<\/a>, jos huomaat vian, joka kaipaa korjausta!<\/p>\n","protected":false},"excerpt":{"rendered":"<p>Broadband 4 Europen teht\u00e4v\u00e4n\u00e4 on auttaa sinua l\u00f6yt\u00e4m\u00e4\u00e4n perheellesi sopiva laajakaistasopimus, asuitpa sitten Saksassa, Ranskassa, Italiassa tai miss\u00e4 tahansa muussa Euroopan maassa. Kirjoitamme oppaita markkinoiden parhaista laajakaistatarjouksista ja autamme sinua ymm\u00e4rt\u00e4m\u00e4\u00e4n kunkin palveluntarjoajan ja niiden pakettien v\u00e4liset erot. Kirjoitamme my\u00f6s oppaita, joissa selit\u00e4mme erilaisia laajakaistak\u00e4sitteit\u00e4 helposti ymm\u00e4rrett\u00e4v\u00e4ll\u00e4 tavalla, jotta voit oppia lis\u00e4\u00e4 laajakaistan toiminnasta ja &#8230; <a title=\"Tietoa meist\u00e4\" class=\"read-more\" href=\"https:\/\/www.broadband4europe.com\/fi\/tietoa-meista\/\" aria-label=\"Lis\u00e4\u00e4 Tietoa meist\u00e4\">Read more<\/a><\/p>\n","protected":false},"author":5,"featured_media":0,"parent":0,"menu_order":0,"comment_status":"closed","ping_status":"closed","template":"","meta":{"footnotes":""},"class_list":["post-13206","page","type-page","status-publish"],"_links":{"self":[{"href":"https:\/\/www.broadband4europe.com\/fi\/wp-json\/wp\/v2\/pages\/13206","targetHints":{"allow":["GET"]}}],"collection":[{"href":"https:\/\/www.broadband4europe.com\/fi\/wp-json\/wp\/v2\/pages"}],"about":[{"href":"https:\/\/www.broadband4europe.com\/fi\/wp-json\/wp\/v2\/types\/page"}],"author":[{"embeddable":true,"href":"https:\/\/www.broadband4europe.com\/fi\/wp-json\/wp\/v2\/users\/5"}],"replies":[{"embeddable":true,"href":"https:\/\/www.broadband4europe.com\/fi\/wp-json\/wp\/v2\/comments?post=13206"}],"version-history":[{"count":6,"href":"https:\/\/www.broadband4europe.com\/fi\/wp-json\/wp\/v2\/pages\/13206\/revisions"}],"predecessor-version":[{"id":13322,"href":"https:\/\/www.broadband4europe.com\/fi\/wp-json\/wp\/v2\/pages\/13206\/revisions\/13322"}],"wp:attachment":[{"href":"https:\/\/www.broadband4europe.com\/fi\/wp-json\/wp\/v2\/media?parent=13206"}],"curies":[{"name":"wp","href":"https:\/\/api.w.org\/{rel}","templated":true}]}}