{"id":14857,"date":"2023-06-26T09:00:01","date_gmt":"2023-06-26T09:00:01","guid":{"rendered":"https:\/\/www.broadband4europe.com\/?page_id=14857"},"modified":"2023-06-28T16:20:16","modified_gmt":"2023-06-28T16:20:16","slug":"impressum","status":"publish","type":"page","link":"https:\/\/www.broadband4europe.com\/de\/impressum\/","title":{"rendered":"Impressum"},"content":{"rendered":"<h2>F\u00fcr den Inhalt verantwortlicher Anbieter:<\/h2>\n<p>Broadband4Europe.de<br \/>\nPO Box 327<br \/>\nAvalon Beach NSW 2107<br \/>\nAustralien<br \/>\nE-Mail: info (AT) broadband4europe.com<\/p>\n<h2>Vertreten durch<\/h2>\n<p>Tom Paton (Gr\u00fcnder und Inhaber)<\/p>\n<h2>Haftungsausschluss<\/h2>\n<p>Die auf dieser Website zur Verf\u00fcgung gestellten Informationen dienen nur zu allgemeinen Informationszwecken. Obwohl wir uns bem\u00fchen, die Informationen aktuell und genau zu halten, geben wir keinerlei ausdr\u00fcckliche oder stillschweigende Zusicherungen oder Gew\u00e4hrleistungen in Bezug auf die Vollst\u00e4ndigkeit, Genauigkeit, Zuverl\u00e4ssigkeit, Eignung oder Verf\u00fcgbarkeit der Website oder der auf der Website enthaltenen Informationen, Produkte, Dienstleistungen oder zugeh\u00f6rigen Grafiken f\u00fcr irgendeinen Zweck. Jegliches Vertrauen, das Sie auf solche Informationen setzen, geschieht daher ausschlie\u00dflich auf Ihr eigenes Risiko.<\/p>\n<h2>Haftung f\u00fcr Links<\/h2>\n<p>Unsere Website kann Links zu externen Websites oder Inhalten Dritter enthalten. Wir haben keine Kontrolle \u00fcber die Art, den Inhalt und die Verf\u00fcgbarkeit dieser Websites. Die Aufnahme von Links bedeutet nicht zwangsl\u00e4ufig, dass wir die dort vertretenen Auffassungen guthei\u00dfen. Wir sind nicht verantwortlich f\u00fcr den Inhalt oder die Datenschutzpraktiken dieser externen Websites. Besucher sollten sich dar\u00fcber im Klaren sein, dass sie auf externe Websites nach eigenem Ermessen und auf eigenes Risiko zugreifen und diese nutzen.<\/p>\n<h2>Datenschutz<\/h2>\n<p>Wir respektieren Ihre Privatsph\u00e4re und verpflichten uns, Ihre pers\u00f6nlichen Daten zu sch\u00fctzen. Wenn Sie unsere Website besuchen, k\u00f6nnen wir bestimmte Informationen \u00fcber Sie und Ihre Browsing-Aktivit\u00e4ten erfassen. Diese Informationen werden ausschlie\u00dflich dazu verwendet, unsere Dienste zu verbessern und unseren Nutzern relevante Informationen zur Verf\u00fcgung zu stellen. Ausf\u00fchrliche Informationen dar\u00fcber, wie wir Ihre pers\u00f6nlichen Daten erfassen, verarbeiten, speichern und sch\u00fctzen, finden Sie in unserer <a href=\"https:\/\/www.broadband4europe.com\/de\/datenschutzerklarung\/\" target=\"_blank\" rel=\"noopener\">Datenschutzrichtlinie<\/a>.<\/p>\n<h2>Datensicherheit<\/h2>\n<p>Wir nehmen die Datensicherheit ernst und haben geeignete Ma\u00dfnahmen zum Schutz Ihrer pers\u00f6nlichen Daten getroffen. Unsere Website verwendet die Verschl\u00fcsselungstechnologie SSL (Secure Sockets Layer), um die sichere \u00dcbertragung von Daten zwischen Ihrem Browser und unserem Server zu gew\u00e4hrleisten.<\/p>\n<h2>Copyright<\/h2>\n<p>Die auf dieser Website ver\u00f6ffentlichten Inhalte und Materialien, einschlie\u00dflich, aber nicht beschr\u00e4nkt auf Texte, Grafiken, Bilder, Logos und Audio-\/Videoclips, sind Eigentum von broadband4europe.com oder ihrer jeweiligen Eigent\u00fcmer. Bestimmtes Bildmaterial stammt von Anbietern von Archivfotos und ist deren geistiges Eigentum. Die Vervielf\u00e4ltigung, Verbreitung, \u00c4nderung oder sonstige nicht genehmigte Nutzung des Inhalts ohne vorherige schriftliche Genehmigung ist strengstens untersagt.<\/p>\n<h2>Rechtliche G\u00fcltigkeit<\/h2>\n<p>Dieses Impressum ist Teil unserer Website und gilt f\u00fcr alle Nutzer und Besucher. Sollte eine Bestimmung dieses Impressums ung\u00fcltig sein, so bleiben die \u00fcbrigen Bestimmungen weiterhin g\u00fcltig und vollstreckbar, soweit dies gesetzlich zul\u00e4ssig ist.<\/p>\n<h2>Aktualisierungen<\/h2>\n<p>Dieses Impressum kann jederzeit und ohne Vorank\u00fcndigung aktualisiert werden. Alle \u00c4nderungen werden auf dieser Seite wiedergegeben.<\/p>\n","protected":false},"excerpt":{"rendered":"<p>F\u00fcr den Inhalt verantwortlicher Anbieter: Broadband4Europe.de PO Box 327 Avalon Beach NSW 2107 Australien E-Mail: info (AT) broadband4europe.com Vertreten durch Tom Paton (Gr\u00fcnder und Inhaber) Haftungsausschluss Die auf dieser Website zur Verf\u00fcgung gestellten Informationen dienen nur zu allgemeinen Informationszwecken. Obwohl wir uns bem\u00fchen, die Informationen aktuell und genau zu halten, geben wir keinerlei ausdr\u00fcckliche oder &#8230; <a title=\"Impressum\" class=\"read-more\" href=\"https:\/\/www.broadband4europe.com\/de\/impressum\/\" aria-label=\"Mehr zu Impressum\">Read more<\/a><\/p>\n","protected":false},"author":5,"featured_media":0,"parent":0,"menu_order":0,"comment_status":"closed","ping_status":"closed","template":"","meta":{"footnotes":""},"class_list":["post-14857","page","type-page","status-publish"],"_links":{"self":[{"href":"https:\/\/www.broadband4europe.com\/de\/wp-json\/wp\/v2\/pages\/14857","targetHints":{"allow":["GET"]}}],"collection":[{"href":"https:\/\/www.broadband4europe.com\/de\/wp-json\/wp\/v2\/pages"}],"about":[{"href":"https:\/\/www.broadband4europe.com\/de\/wp-json\/wp\/v2\/types\/page"}],"author":[{"embeddable":true,"href":"https:\/\/www.broadband4europe.com\/de\/wp-json\/wp\/v2\/users\/5"}],"replies":[{"embeddable":true,"href":"https:\/\/www.broadband4europe.com\/de\/wp-json\/wp\/v2\/comments?post=14857"}],"version-history":[{"count":3,"href":"https:\/\/www.broadband4europe.com\/de\/wp-json\/wp\/v2\/pages\/14857\/revisions"}],"predecessor-version":[{"id":14861,"href":"https:\/\/www.broadband4europe.com\/de\/wp-json\/wp\/v2\/pages\/14857\/revisions\/14861"}],"wp:attachment":[{"href":"https:\/\/www.broadband4europe.com\/de\/wp-json\/wp\/v2\/media?parent=14857"}],"curies":[{"name":"wp","href":"https:\/\/api.w.org\/{rel}","templated":true}]}}