{"id":12420,"date":"2017-11-08T03:11:20","date_gmt":"2017-11-08T03:11:20","guid":{"rendered":"https:\/\/www.broadband4europe.com\/?page_id=12420"},"modified":"2023-04-25T12:46:06","modified_gmt":"2023-04-25T12:46:06","slug":"uber-uns","status":"publish","type":"page","link":"https:\/\/www.broadband4europe.com\/de\/uber-uns\/","title":{"rendered":"\u00dcber uns"},"content":{"rendered":"<p>Wir von Broadband 4 Europe haben es uns zur Aufgabe gemacht, Ihnen dabei zu helfen, das richtige Breitbandangebot f\u00fcr Ihre Familie zu finden, egal ob Sie in Deutschland, Frankreich, Italien oder in einem anderen europ\u00e4ischen Land leben.<\/p>\n<p>Wir schreiben Leitf\u00e4den \u00fcber die besten Breitbandangebote auf dem Markt und helfen Ihnen, die Unterschiede zwischen den einzelnen Anbietern und ihren Paketen zu verstehen.<\/p>\n<p>Wir verfassen auch Leitf\u00e4den, in denen wir verschiedene Breitbandkonzepte auf leicht verst\u00e4ndliche Weise erkl\u00e4ren, damit Sie mehr \u00fcber die Funktionsweise von Breitband erfahren k\u00f6nnen und es Ihnen leichter f\u00e4llt, den richtigen Breitbandplan f\u00fcr Ihre Familie zu finden.<\/p>\n<h2>Unser Team<\/h2>\n<p>Broadband 4 Europe wird von einem kleinen Team von zwei Personen aus Deutschland geleitet. Wir haben Freunde in den Nachbarl\u00e4ndern, auf die wir uns f\u00fcr unsere Ratgeber \u00fcber Breitband in anderen L\u00e4ndern verlassen.<\/p>\n<h3><strong>Roger Schmitt<\/strong><\/h3>\n<p><img fetchpriority=\"high\" decoding=\"async\" class=\"alignnone size-full wp-image-8429\" src=\"https:\/\/www.broadband4europe.com\/wp-content\/uploads\/roger-schmitt-headshot-min.png\" alt=\"Roger Schmitt headshot.\" width=\"325\" height=\"325\" srcset=\"https:\/\/www.broadband4europe.com\/wp-content\/uploads\/roger-schmitt-headshot-min.png 325w, https:\/\/www.broadband4europe.com\/wp-content\/uploads\/roger-schmitt-headshot-min-300x300.png 300w, https:\/\/www.broadband4europe.com\/wp-content\/uploads\/roger-schmitt-headshot-min-150x150.png 150w, https:\/\/www.broadband4europe.com\/wp-content\/uploads\/roger-schmitt-headshot-min-20x20.png 20w, https:\/\/www.broadband4europe.com\/wp-content\/uploads\/roger-schmitt-headshot-min-40x40.png 40w, https:\/\/www.broadband4europe.com\/wp-content\/uploads\/roger-schmitt-headshot-min-60x60.png 60w, https:\/\/www.broadband4europe.com\/wp-content\/uploads\/roger-schmitt-headshot-min-50x50.png 50w\" sizes=\"(max-width: 325px) 100vw, 325px\" \/><\/p>\n<p>Tag! Ich hei\u00dfe Roger und bin der Mitbegr\u00fcnder von Broadband 4 Europe.<\/p>\n<p>Ich bin in der Schweiz aufgewachsen, lebe aber jetzt in Deutschland und habe fr\u00fcher auch eine Zeit lang in S\u00fcdtirol gelebt.<\/p>\n<p>Ich habe einen IT-Hintergrund und habe umfangreiche Recherchen \u00fcber die Breitbandm\u00e4rkte der meisten gro\u00dfen europ\u00e4ischen L\u00e4nder durchgef\u00fchrt. Die Erforschung der Festnetz-Breitbandm\u00e4rkte ist mein nerdiges Hobby, aber ich bin auch begeistert von den M\u00f6glichkeiten, die uns 5G- (und schlie\u00dflich 6G-) Breitband in Zukunft bieten wird.<\/p>\n<p>Wenn ich nicht gerade \u00fcber Breitbandunternehmen und ihre Netze recherchiere, kann man mich beim Volleyballspielen oder am Klavier antreffen.<\/p>\n<h3><strong>Florian Becker<\/strong><\/h3>\n<p><img decoding=\"async\" class=\"alignnone size-full wp-image-8428\" src=\"https:\/\/www.broadband4europe.com\/wp-content\/uploads\/florian-becker-headshot-min.png\" alt=\"Florian Becker headshot.\" width=\"325\" height=\"325\" srcset=\"https:\/\/www.broadband4europe.com\/wp-content\/uploads\/florian-becker-headshot-min.png 325w, https:\/\/www.broadband4europe.com\/wp-content\/uploads\/florian-becker-headshot-min-300x300.png 300w, https:\/\/www.broadband4europe.com\/wp-content\/uploads\/florian-becker-headshot-min-150x150.png 150w, https:\/\/www.broadband4europe.com\/wp-content\/uploads\/florian-becker-headshot-min-20x20.png 20w, https:\/\/www.broadband4europe.com\/wp-content\/uploads\/florian-becker-headshot-min-40x40.png 40w, https:\/\/www.broadband4europe.com\/wp-content\/uploads\/florian-becker-headshot-min-60x60.png 60w, https:\/\/www.broadband4europe.com\/wp-content\/uploads\/florian-becker-headshot-min-50x50.png 50w\" sizes=\"(max-width: 325px) 100vw, 325px\" \/><\/p>\n<p>Hallo, mein Name ist Florian, ich komme urspr\u00fcnglich aus Deutschland, reise aber im Moment als digitaler Nomade durch die Welt &#8211; gerade bin ich in Kroatien.<\/p>\n<p>Im Vergleich zu Roger kenne ich mich mit den Breitbandm\u00e4rkten nicht so gut aus, aber ich habe einige Erfahrungen aus erster Hand mit Breitbandanbietern und ihren Netzen in bestimmten L\u00e4ndern, insbesondere in Kroatien, Spanien und Portugal.<\/p>\n<p>Wenn Sie sich auf der Website umsehen, werden Sie feststellen, dass ich auch einige Artikel \u00fcber Breitbandnachrichten geschrieben habe, w\u00e4hrend Roger die meisten unserer Kaufanleitungen verfasst.<\/p>\n<p>Ich bin auch Webentwickler von Beruf &#8211; und deshalb f\u00fcr die Pflege unserer Website zust\u00e4ndig. Lassen Sie mich \u00fcber unser <a href=\"https:\/\/www.broadband4europe.com\/contact-us\/\" target=\"_blank\" rel=\"noopener\">Kontaktformular<\/a> wissen, wenn Sie einen Fehler entdecken, der beseitigt werden muss!<\/p>\n","protected":false},"excerpt":{"rendered":"<p>Wir von Broadband 4 Europe haben es uns zur Aufgabe gemacht, Ihnen dabei zu helfen, das richtige Breitbandangebot f\u00fcr Ihre Familie zu finden, egal ob Sie in Deutschland, Frankreich, Italien oder in einem anderen europ\u00e4ischen Land leben. Wir schreiben Leitf\u00e4den \u00fcber die besten Breitbandangebote auf dem Markt und helfen Ihnen, die Unterschiede zwischen den einzelnen &#8230; <a title=\"\u00dcber uns\" class=\"read-more\" href=\"https:\/\/www.broadband4europe.com\/de\/uber-uns\/\" aria-label=\"Mehr zu \u00dcber uns\">Read more<\/a><\/p>\n","protected":false},"author":6,"featured_media":0,"parent":0,"menu_order":0,"comment_status":"closed","ping_status":"closed","template":"","meta":{"footnotes":""},"class_list":["post-12420","page","type-page","status-publish"],"_links":{"self":[{"href":"https:\/\/www.broadband4europe.com\/de\/wp-json\/wp\/v2\/pages\/12420","targetHints":{"allow":["GET"]}}],"collection":[{"href":"https:\/\/www.broadband4europe.com\/de\/wp-json\/wp\/v2\/pages"}],"about":[{"href":"https:\/\/www.broadband4europe.com\/de\/wp-json\/wp\/v2\/types\/page"}],"author":[{"embeddable":true,"href":"https:\/\/www.broadband4europe.com\/de\/wp-json\/wp\/v2\/users\/6"}],"replies":[{"embeddable":true,"href":"https:\/\/www.broadband4europe.com\/de\/wp-json\/wp\/v2\/comments?post=12420"}],"version-history":[{"count":8,"href":"https:\/\/www.broadband4europe.com\/de\/wp-json\/wp\/v2\/pages\/12420\/revisions"}],"predecessor-version":[{"id":13196,"href":"https:\/\/www.broadband4europe.com\/de\/wp-json\/wp\/v2\/pages\/12420\/revisions\/13196"}],"wp:attachment":[{"href":"https:\/\/www.broadband4europe.com\/de\/wp-json\/wp\/v2\/media?parent=12420"}],"curies":[{"name":"wp","href":"https:\/\/api.w.org\/{rel}","templated":true}]}}